{"id":142,"date":"2022-03-21T23:58:12","date_gmt":"2022-03-21T20:58:12","guid":{"rendered":"http:\/\/www.embavenez.ru\/?page_id=142"},"modified":"2022-04-01T16:10:03","modified_gmt":"2022-04-01T13:10:03","slug":"blog1","status":"publish","type":"page","link":"http:\/\/www.embavenez.ru\/web\/","title":{"rendered":"Inicio"},"content":{"rendered":"<div id=\"pl-142\"  class=\"panel-layout\" ><div id=\"pg-142-0\"  class=\"panel-grid panel-no-style\" ><div id=\"pgc-142-0-0\"  class=\"panel-grid-cell\" ><div id=\"panel-142-0-0-0\" class=\"so-panel widget widget_media_image panel-first-child panel-last-child\" data-index=\"0\" ><div class=\"panel-widget-style panel-widget-style-for-142-0-0-0\" ><img loading=\"lazy\" decoding=\"async\" width=\"1699\" height=\"600\" src=\"http:\/\/www.embavenez.ru\/web\/wp-content\/uploads\/2022\/03\/Embajadas-portada-1.jpg\" class=\"image wp-image-25  attachment-full size-full\" alt=\"\" style=\"max-width: 100%; height: auto;\" srcset=\"http:\/\/www.embavenez.ru\/web\/wp-content\/uploads\/2022\/03\/Embajadas-portada-1.jpg 1699w, http:\/\/www.embavenez.ru\/web\/wp-content\/uploads\/2022\/03\/Embajadas-portada-1-300x106.jpg 300w, http:\/\/www.embavenez.ru\/web\/wp-content\/uploads\/2022\/03\/Embajadas-portada-1-1024x362.jpg 1024w, http:\/\/www.embavenez.ru\/web\/wp-content\/uploads\/2022\/03\/Embajadas-portada-1-768x271.jpg 768w, http:\/\/www.embavenez.ru\/web\/wp-content\/uploads\/2022\/03\/Embajadas-portada-1-1536x542.jpg 1536w\" sizes=\"auto, (max-width: 1699px) 100vw, 1699px\" \/><\/div><\/div><\/div><\/div><div id=\"pg-142-1\"  class=\"panel-grid panel-no-style\" ><div id=\"pgc-142-1-0\"  class=\"panel-grid-cell\" ><div id=\"panel-142-1-0-0\" class=\"so-panel widget widget_pfcwidget pfc-widget panel-first-child panel-last-child\" data-index=\"1\" >\r\n\t\t<div class=\"pfc-posts-wrap\">\r\n\r\n\t\t\t\r\n\t\t\t<div class=\"pfc-posts-inner\">\r\n\r\n\t\t\t\t\r\n\t\t<div class=\"pfc-posts-main\">\r\n\r\n\t\t\t\r\n\t\t\t\t<div class=\"pfc-post layout-two\">\r\n\t\t\t\t\r\n\t\t\t\t\t\r\n\t\t\t\t\t\t<div class=\"news-thumb\">\r\n\r\n\t\t\t\t\t\t\t<a href=\"http:\/\/www.embavenez.ru\/web\/venezuela_y_rusia_afianzan_relaciones_estrategicas\/\"><img loading=\"lazy\" decoding=\"async\" width=\"300\" height=\"200\" src=\"http:\/\/www.embavenez.ru\/web\/wp-content\/uploads\/2022\/02\/cian_vzla_feb_2022-300x200.png\" class=\"attachment-medium size-medium wp-post-image\" alt=\"\" srcset=\"http:\/\/www.embavenez.ru\/web\/wp-content\/uploads\/2022\/02\/cian_vzla_feb_2022-300x200.png 300w, http:\/\/www.embavenez.ru\/web\/wp-content\/uploads\/2022\/02\/cian_vzla_feb_2022-1024x681.png 1024w, http:\/\/www.embavenez.ru\/web\/wp-content\/uploads\/2022\/02\/cian_vzla_feb_2022-768x511.png 768w, http:\/\/www.embavenez.ru\/web\/wp-content\/uploads\/2022\/02\/cian_vzla_feb_2022-272x182.png 272w, http:\/\/www.embavenez.ru\/web\/wp-content\/uploads\/2022\/02\/cian_vzla_feb_2022.png 1070w\" sizes=\"auto, (max-width: 300px) 100vw, 300px\" \/><\/a>\r\n\r\n\t\t\t\t\t\t<\/div>\r\n\t\t\t\t\t\t\r\n\t\t\t\t\t<div class=\"news-text-wrap info-with-space\">\r\n\r\n\t\t\t\t\t    <h2><a href=\"http:\/\/www.embavenez.ru\/web\/venezuela_y_rusia_afianzan_relaciones_estrategicas\/\">Venezuela y Rusia afianzan relaciones estrat\u00e9gicas en el marco del encuentro de la Comisi\u00f3n Intergubernamental de Alto Nivel (CIAN) en Caracas<\/a><\/h2>\r\n\r\n\t\t\t\t\t    \t\t\t\t\t    \t<span class=\"posted-date\">16 de febrero de 2022<\/span>\r\n\t\t\t\t\t    \t<p>Caracas, 16 de febrero de 2022. En el marco del encuentro de la Comisi\u00f3n Intergubernamental de Alto Nivel (CIAN), Rusia y Venezuela afianzan relaciones de cooperaci\u00f3n estrat\u00e9gica tras la visita oficial a nuestro pa\u00eds del viceprimer ministro ruso, Yuri Borisov. Desde el Palacio de Miraflores en Caracas el presidente de la Rep\u00fablica, Nicol\u00e1s Maduro celebr\u00f3 la llegada de la alta e importante delegaci\u00f3n del gobierno de la Federaci\u00f3n Rusa a Venezuela, encabezada por el Vicepresidente de Gobierno. \u201cBienvenido siempre, con una alta delegaci\u00f3n de expertos, funcionarios de distintos niveles en el cambo de la energ\u00eda, la defensa militar, las finanzas,...<\/p>\n\t                \t\t<a href=\"http:\/\/www.embavenez.ru\/web\/venezuela_y_rusia_afianzan_relaciones_estrategicas\/\" class=\"read-more\">Leer M\u00e1s<\/a>\r\n\t                \t\t\t\t\t\t     \r\n\t\t\t\t\t<\/div><!-- .news-text-wrap -->\r\n\r\n\t\t\t\t<\/div>\r\n\r\n\t\t\t\t\r\n\t\t<\/div>\r\n\r\n\t\t\t\t\t<\/div>\r\n\t\t<\/div>\r\n\t\t<\/div><\/div><div id=\"pgc-142-1-1\"  class=\"panel-grid-cell\" ><div id=\"panel-142-1-1-0\" class=\"so-panel widget widget_pfcwidget pfc-widget panel-first-child panel-last-child\" data-index=\"2\" >\r\n\t\t<div class=\"pfc-posts-wrap\">\r\n\r\n\t\t\t<h3 class=\"widget-title\">Comunicados<\/h3>\r\n\t\t\t<div class=\"pfc-posts-inner\">\r\n\r\n\t\t\t\t\r\n\t\t<div class=\"pfc-posts-main\">\r\n\r\n\t\t\t\r\n\t\t\t\t<div class=\"pfc-post layout-one\">\r\n\t\t\t\t\r\n\t\t\t\t\t\r\n\t\t\t\t\t<div class=\"news-text-wrap info-without-space\">\r\n\r\n\t\t\t\t\t    <h2><a href=\"http:\/\/www.embavenez.ru\/web\/comunicado-rechazo-mcu\/\">Comunicado Rechazo MCU<\/a><\/h2>\r\n\r\n\t\t\t\t\t    \t\t\t\t\t     \r\n\t\t\t\t\t<\/div><!-- .news-text-wrap -->\r\n\r\n\t\t\t\t<\/div>\r\n\r\n\t\t\t\t\r\n\t\t<\/div>\r\n\r\n\t\t\t\t\t<\/div>\r\n\t\t<\/div>\r\n\t\t<\/div><\/div><\/div><div id=\"pg-142-2\"  class=\"panel-grid panel-no-style\" ><div id=\"pgc-142-2-0\"  class=\"panel-grid-cell panel-grid-cell-empty\" ><\/div><div id=\"pgc-142-2-1\"  class=\"panel-grid-cell panel-grid-cell-empty panel-grid-cell-mobile-last\" ><\/div><div id=\"pgc-142-2-2\"  class=\"panel-grid-cell panel-grid-cell-empty\" ><\/div><\/div><\/div>","protected":false},"excerpt":{"rendered":"","protected":false},"author":1,"featured_media":0,"parent":0,"menu_order":0,"comment_status":"closed","ping_status":"closed","template":"","meta":{"footnotes":""},"class_list":["post-142","page","type-page","status-publish","hentry"],"yoast_head":"<!-- This site is optimized with the Yoast SEO plugin v19.3 - https:\/\/yoast.com\/wordpress\/plugins\/seo\/ -->\n<title>Inicio - Embajada de Venezuela en Rusia<\/title>\n<meta name=\"robots\" content=\"index, follow, max-snippet:-1, max-image-preview:large, max-video-preview:-1\" \/>\n<link rel=\"canonical\" href=\"http:\/\/www.embavenez.ru\/web\/\" \/>\n<meta property=\"og:locale\" content=\"es_ES\" \/>\n<meta property=\"og:type\" content=\"article\" \/>\n<meta property=\"og:title\" content=\"Inicio - Embajada de Venezuela en Rusia\" \/>\n<meta property=\"og:url\" content=\"http:\/\/www.embavenez.ru\/web\/\" \/>\n<meta property=\"og:site_name\" content=\"Embajada de Venezuela en Rusia\" \/>\n<meta property=\"article:publisher\" content=\"https:\/\/www.facebook.com\/embavenezRusia\" \/>\n<meta property=\"article:modified_time\" content=\"2022-04-01T13:10:03+00:00\" \/>\n<meta name=\"twitter:card\" content=\"summary_large_image\" \/>\n<meta name=\"twitter:label1\" content=\"Tiempo estimado de lectura\" \/>\n\t<meta name=\"twitter:data1\" content=\"1 minuto\" \/>\n<script type=\"application\/ld+json\" class=\"yoast-schema-graph\">{\"@context\":\"https:\/\/schema.org\",\"@graph\":[{\"@type\":\"Organization\",\"@id\":\"http:\/\/www.embavenez.ru\/web\/#organization\",\"name\":\"Embajada de Venezuela en Rusia\",\"url\":\"http:\/\/www.embavenez.ru\/web\/\",\"sameAs\":[\"http:\/\/instagram.com\/embaverusia\",\"https:\/\/www.youtube.com\/channel\/UCOpfduXUoasC5rJ5EoxTDqg\",\"https:\/\/www.facebook.com\/embavenezRusia\"],\"logo\":{\"@type\":\"ImageObject\",\"inLanguage\":\"es\",\"@id\":\"http:\/\/www.embavenez.ru\/web\/#\/schema\/logo\/image\/\",\"url\":\"http:\/\/www.embavenez.ru\/web\/wp-content\/uploads\/2022\/03\/Escudo-Nacional-Venezuela-2.jpg\",\"contentUrl\":\"http:\/\/www.embavenez.ru\/web\/wp-content\/uploads\/2022\/03\/Escudo-Nacional-Venezuela-2.jpg\",\"width\":300,\"height\":300,\"caption\":\"Embajada de Venezuela en Rusia\"},\"image\":{\"@id\":\"http:\/\/www.embavenez.ru\/web\/#\/schema\/logo\/image\/\"}},{\"@type\":\"WebSite\",\"@id\":\"http:\/\/www.embavenez.ru\/web\/#website\",\"url\":\"http:\/\/www.embavenez.ru\/web\/\",\"name\":\"Embajada de Venezuela en Rusia\",\"description\":\"Embajada de Venezuela en Rusia\",\"publisher\":{\"@id\":\"http:\/\/www.embavenez.ru\/web\/#organization\"},\"potentialAction\":[{\"@type\":\"SearchAction\",\"target\":{\"@type\":\"EntryPoint\",\"urlTemplate\":\"http:\/\/www.embavenez.ru\/web\/?s={search_term_string}\"},\"query-input\":\"required name=search_term_string\"}],\"inLanguage\":\"es\"},{\"@type\":\"WebPage\",\"@id\":\"http:\/\/www.embavenez.ru\/web\/\",\"url\":\"http:\/\/www.embavenez.ru\/web\/\",\"name\":\"Inicio - Embajada de Venezuela en Rusia\",\"isPartOf\":{\"@id\":\"http:\/\/www.embavenez.ru\/web\/#website\"},\"datePublished\":\"2022-03-21T20:58:12+00:00\",\"dateModified\":\"2022-04-01T13:10:03+00:00\",\"breadcrumb\":{\"@id\":\"http:\/\/www.embavenez.ru\/web\/#breadcrumb\"},\"inLanguage\":\"es\",\"potentialAction\":[{\"@type\":\"ReadAction\",\"target\":[\"http:\/\/www.embavenez.ru\/web\/\"]}]},{\"@type\":\"BreadcrumbList\",\"@id\":\"http:\/\/www.embavenez.ru\/web\/#breadcrumb\",\"itemListElement\":[{\"@type\":\"ListItem\",\"position\":1,\"name\":\"Portada\",\"item\":\"http:\/\/www.embavenez.ru\/web\/\"},{\"@type\":\"ListItem\",\"position\":2,\"name\":\"Inicio\"}]}]}<\/script>\n<!-- \/ Yoast SEO plugin. -->","yoast_head_json":{"title":"Inicio - Embajada de Venezuela en Rusia","robots":{"index":"index","follow":"follow","max-snippet":"max-snippet:-1","max-image-preview":"max-image-preview:large","max-video-preview":"max-video-preview:-1"},"canonical":"http:\/\/www.embavenez.ru\/web\/","og_locale":"es_ES","og_type":"article","og_title":"Inicio - Embajada de Venezuela en Rusia","og_url":"http:\/\/www.embavenez.ru\/web\/","og_site_name":"Embajada de Venezuela en Rusia","article_publisher":"https:\/\/www.facebook.com\/embavenezRusia","article_modified_time":"2022-04-01T13:10:03+00:00","twitter_card":"summary_large_image","twitter_misc":{"Tiempo estimado de lectura":"1 minuto"},"schema":{"@context":"https:\/\/schema.org","@graph":[{"@type":"Organization","@id":"http:\/\/www.embavenez.ru\/web\/#organization","name":"Embajada de Venezuela en Rusia","url":"http:\/\/www.embavenez.ru\/web\/","sameAs":["http:\/\/instagram.com\/embaverusia","https:\/\/www.youtube.com\/channel\/UCOpfduXUoasC5rJ5EoxTDqg","https:\/\/www.facebook.com\/embavenezRusia"],"logo":{"@type":"ImageObject","inLanguage":"es","@id":"http:\/\/www.embavenez.ru\/web\/#\/schema\/logo\/image\/","url":"http:\/\/www.embavenez.ru\/web\/wp-content\/uploads\/2022\/03\/Escudo-Nacional-Venezuela-2.jpg","contentUrl":"http:\/\/www.embavenez.ru\/web\/wp-content\/uploads\/2022\/03\/Escudo-Nacional-Venezuela-2.jpg","width":300,"height":300,"caption":"Embajada de Venezuela en Rusia"},"image":{"@id":"http:\/\/www.embavenez.ru\/web\/#\/schema\/logo\/image\/"}},{"@type":"WebSite","@id":"http:\/\/www.embavenez.ru\/web\/#website","url":"http:\/\/www.embavenez.ru\/web\/","name":"Embajada de Venezuela en Rusia","description":"Embajada de Venezuela en Rusia","publisher":{"@id":"http:\/\/www.embavenez.ru\/web\/#organization"},"potentialAction":[{"@type":"SearchAction","target":{"@type":"EntryPoint","urlTemplate":"http:\/\/www.embavenez.ru\/web\/?s={search_term_string}"},"query-input":"required name=search_term_string"}],"inLanguage":"es"},{"@type":"WebPage","@id":"http:\/\/www.embavenez.ru\/web\/","url":"http:\/\/www.embavenez.ru\/web\/","name":"Inicio - Embajada de Venezuela en Rusia","isPartOf":{"@id":"http:\/\/www.embavenez.ru\/web\/#website"},"datePublished":"2022-03-21T20:58:12+00:00","dateModified":"2022-04-01T13:10:03+00:00","breadcrumb":{"@id":"http:\/\/www.embavenez.ru\/web\/#breadcrumb"},"inLanguage":"es","potentialAction":[{"@type":"ReadAction","target":["http:\/\/www.embavenez.ru\/web\/"]}]},{"@type":"BreadcrumbList","@id":"http:\/\/www.embavenez.ru\/web\/#breadcrumb","itemListElement":[{"@type":"ListItem","position":1,"name":"Portada","item":"http:\/\/www.embavenez.ru\/web\/"},{"@type":"ListItem","position":2,"name":"Inicio"}]}]}},"_links":{"self":[{"href":"http:\/\/www.embavenez.ru\/web\/wp-json\/wp\/v2\/pages\/142","targetHints":{"allow":["GET"]}}],"collection":[{"href":"http:\/\/www.embavenez.ru\/web\/wp-json\/wp\/v2\/pages"}],"about":[{"href":"http:\/\/www.embavenez.ru\/web\/wp-json\/wp\/v2\/types\/page"}],"author":[{"embeddable":true,"href":"http:\/\/www.embavenez.ru\/web\/wp-json\/wp\/v2\/users\/1"}],"replies":[{"embeddable":true,"href":"http:\/\/www.embavenez.ru\/web\/wp-json\/wp\/v2\/comments?post=142"}],"version-history":[{"count":70,"href":"http:\/\/www.embavenez.ru\/web\/wp-json\/wp\/v2\/pages\/142\/revisions"}],"predecessor-version":[{"id":159,"href":"http:\/\/www.embavenez.ru\/web\/wp-json\/wp\/v2\/pages\/142\/revisions\/159"}],"wp:attachment":[{"href":"http:\/\/www.embavenez.ru\/web\/wp-json\/wp\/v2\/media?parent=142"}],"curies":[{"name":"wp","href":"https:\/\/api.w.org\/{rel}","templated":true}]}}